{"id":14912,"date":"2023-07-18T13:50:34","date_gmt":"2023-07-18T11:50:34","guid":{"rendered":"https:\/\/sundentallabs-germany.de\/wordpress\/?page_id=14912"},"modified":"2026-03-19T10:06:32","modified_gmt":"2026-03-19T09:06:32","slug":"jobs","status":"publish","type":"page","link":"https:\/\/sundentallabs-germany.de\/wordpress\/jobs\/","title":{"rendered":"Jobs"},"content":{"rendered":"<p><div class=\"fusion-fullwidth fullwidth-box fusion-builder-row-1 fusion-flex-container has-pattern-background has-mask-background nonhundred-percent-fullwidth non-hundred-percent-height-scrolling\" style=\"--awb-border-radius-top-left:0px;--awb-border-radius-top-right:0px;--awb-border-radius-bottom-right:0px;--awb-border-radius-bottom-left:0px;--awb-padding-top:0px;--awb-padding-right:0px;--awb-padding-bottom:0px;--awb-padding-left:0px;--awb-margin-top:0px;--awb-margin-bottom:0px;--awb-background-color:#ffe2db;--awb-flex-wrap:wrap;\" ><div class=\"fusion-builder-row fusion-row fusion-flex-align-items-flex-start fusion-flex-content-wrap\" style=\"max-width:1144px;margin-left: calc(-4% \/ 2 );margin-right: calc(-4% \/ 2 );\"><div class=\"fusion-layout-column fusion_builder_column fusion-builder-column-0 fusion_builder_column_1_1 1_1 fusion-flex-column fusion-flex-align-self-flex-end\" style=\"--awb-padding-left:10px;--awb-padding-top-small:10px;--awb-padding-right-small:25px;--awb-padding-bottom-small:0px;--awb-padding-left-small:25px;--awb-bg-position:center top;--awb-bg-size:cover;--awb-width-large:100%;--awb-margin-top-large:0px;--awb-spacing-right-large:1.92%;--awb-margin-bottom-large:0px;--awb-spacing-left-large:1.92%;--awb-width-medium:100%;--awb-order-medium:0;--awb-spacing-right-medium:1.92%;--awb-spacing-left-medium:1.92%;--awb-width-small:100%;--awb-order-small:0;--awb-spacing-right-small:1.92%;--awb-spacing-left-small:1.92%;\"><div class=\"fusion-column-wrapper fusion-column-has-shadow fusion-flex-justify-content-flex-end fusion-content-layout-column\"><div class=\"fusion-builder-row fusion-builder-row-inner fusion-row fusion-flex-align-items-flex-start fusion-flex-content-wrap\" style=\"--awb-flex-grow:0;--awb-flex-grow-medium:0;--awb-flex-grow-small:0;--awb-flex-shrink:0;--awb-flex-shrink-medium:0;--awb-flex-shrink-small:0;width:104% !important;max-width:104% !important;margin-left: calc(-4% \/ 2 );margin-right: calc(-4% \/ 2 );\"><div class=\"fusion-layout-column fusion_builder_column_inner fusion-builder-nested-column-0 fusion_builder_column_inner_1_3 1_3 fusion-flex-column\" style=\"--awb-bg-size:cover;--awb-width-large:33.333333333333%;--awb-margin-top-large:0px;--awb-spacing-right-large:5.76%;--awb-margin-bottom-large:20px;--awb-spacing-left-large:5.76%;--awb-width-medium:100%;--awb-order-medium:0;--awb-spacing-right-medium:1.92%;--awb-spacing-left-medium:1.92%;--awb-width-small:100%;--awb-order-small:0;--awb-spacing-right-small:1.92%;--awb-spacing-left-small:1.92%;\"><div class=\"fusion-column-wrapper fusion-column-has-shadow fusion-flex-justify-content-flex-start fusion-content-layout-column\"><div class=\"fusion-image-element \" style=\"text-align:left;--awb-margin-top:20px;--awb-margin-bottom:20px;--awb-margin-left:0px;--awb-max-width:250px;--awb-caption-title-font-family:var(--h2_typography-font-family);--awb-caption-title-font-weight:var(--h2_typography-font-weight);--awb-caption-title-font-style:var(--h2_typography-font-style);--awb-caption-title-size:var(--h2_typography-font-size);--awb-caption-title-transform:var(--h2_typography-text-transform);--awb-caption-title-line-height:var(--h2_typography-line-height);--awb-caption-title-letter-spacing:var(--h2_typography-letter-spacing);\"><span class=\" fusion-imageframe imageframe-none imageframe-1 hover-type-none\"><a class=\"fusion-no-lightbox\" href=\"https:\/\/sundentallabs-germany.de\/wordpress\/\" target=\"_blank\" aria-label=\"SDL_logo_300px\" rel=\"noopener noreferrer\"><img decoding=\"async\" width=\"325\" height=\"125\" alt=\"sun dental labs logo\" src=\"https:\/\/sundentallabs-germany.de\/wordpress\/wp-content\/uploads\/2023\/07\/SDL_logo_300px.png\" class=\"img-responsive wp-image-15029\" srcset=\"https:\/\/sundentallabs-germany.de\/wordpress\/wp-content\/uploads\/2023\/07\/SDL_logo_300px-200x77.png 200w, https:\/\/sundentallabs-germany.de\/wordpress\/wp-content\/uploads\/2023\/07\/SDL_logo_300px.png 325w\" sizes=\"(max-width: 1024px) 100vw, (max-width: 640px) 100vw, 325px\" \/><\/a><\/span><\/div><div class=\"fusion-separator fusion-full-width-sep\" style=\"align-self: center;margin-left: auto;margin-right: auto;margin-top:20px;margin-bottom:20px;width:100%;\"><div class=\"fusion-separator-border sep-double\" style=\"--awb-height:20px;--awb-amount:20px;--awb-sep-color:rgba(224,222,222,0);border-color:rgba(224,222,222,0);border-top-width:1px;border-bottom-width:1px;\"><\/div><\/div><div class=\"fusion-title title fusion-title-1 fusion-sep-none fusion-title-text fusion-title-size-one\" style=\"--awb-text-color:var(--awb-color7);--awb-margin-bottom:0px;--awb-margin-top-small:0px;--awb-margin-right-small:0px;--awb-margin-bottom-small:20px;--awb-margin-left-small:0px;--awb-font-size:48px;\"><h1 class=\"fusion-title-heading title-heading-left fusion-responsive-typography-calculated\" style=\"font-family:&quot;Open Sans&quot;;font-style:normal;font-weight:800;margin:0;font-size:1em;--fontSize:48;line-height:1.5;\">WIR SUCHEN VERST\u00c4RKUNG!<\/h1><\/div><div style=\"text-align:left;\"><a class=\"fusion-button button-flat fusion-button-default-size button-default fusion-button-default button-1 fusion-button-default-span fusion-animated\" style=\"--awb-margin-top:25px;--awb-margin-bottom:25px;\" data-animationType=\"bounceInLeft\" data-animationDuration=\"0.3\" data-animationOffset=\"top-into-view\" target=\"_self\" href=\"https:\/\/sundentallabs-germany.de\/wordpress\/jobs\/#stellenangebote\"><span class=\"fusion-button-text awb-button__text awb-button__text--default\">Zu unseren Stellenangeboten<\/span><\/a><\/div><\/div><\/div><div class=\"fusion-layout-column fusion_builder_column_inner fusion-builder-nested-column-1 fusion_builder_column_inner_2_3 2_3 fusion-flex-column\" style=\"--awb-bg-size:cover;--awb-width-large:66.666666666667%;--awb-margin-top-large:0px;--awb-spacing-right-large:2.88%;--awb-margin-bottom-large:0px;--awb-spacing-left-large:2.88%;--awb-width-medium:100%;--awb-order-medium:0;--awb-spacing-right-medium:1.92%;--awb-spacing-left-medium:1.92%;--awb-width-small:100%;--awb-order-small:0;--awb-spacing-right-small:1.92%;--awb-spacing-left-small:1.92%;\"><div class=\"fusion-column-wrapper fusion-column-has-shadow fusion-flex-justify-content-flex-start fusion-content-layout-column\"><nav class=\"awb-menu awb-menu_row awb-menu_em-hover mobile-mode-collapse-to-button awb-menu_icons-left awb-menu_dc-yes mobile-trigger-fullwidth-off awb-menu_mobile-toggle awb-menu_indent-left mobile-size-full-absolute loading mega-menu-loading awb-menu_desktop awb-menu_dropdown awb-menu_expand-right awb-menu_transition-fade\" style=\"--awb-gap:20px;--awb-justify-content:flex-end;--awb-active-color:var(--awb-color7);--awb-icons-hover-color:var(--awb-color7);--awb-main-justify-content:flex-start;--awb-mobile-justify:flex-start;--awb-mobile-caret-left:auto;--awb-mobile-caret-right:0;--awb-fusion-font-family-typography:inherit;--awb-fusion-font-style-typography:normal;--awb-fusion-font-weight-typography:400;--awb-fusion-font-family-submenu-typography:inherit;--awb-fusion-font-style-submenu-typography:normal;--awb-fusion-font-weight-submenu-typography:400;--awb-fusion-font-family-mobile-typography:inherit;--awb-fusion-font-style-mobile-typography:normal;--awb-fusion-font-weight-mobile-typography:400;\" aria-label=\"Job_menu\" data-breakpoint=\"1024\" data-count=\"0\" data-transition-type=\"fade\" data-transition-time=\"300\" data-expand=\"right\"><button type=\"button\" class=\"awb-menu__m-toggle awb-menu__m-toggle_no-text\" aria-expanded=\"false\" aria-controls=\"menu-job_menu\"><span class=\"awb-menu__m-toggle-inner\"><span class=\"collapsed-nav-text\"><span class=\"screen-reader-text\">Toggle Navigation<\/span><\/span><span class=\"awb-menu__m-collapse-icon awb-menu__m-collapse-icon_no-text\"><span class=\"awb-menu__m-collapse-icon-open awb-menu__m-collapse-icon-open_no-text fa-bars fas\"><\/span><span class=\"awb-menu__m-collapse-icon-close awb-menu__m-collapse-icon-close_no-text fa-times fas\"><\/span><\/span><\/span><\/button><ul id=\"menu-job_menu\" class=\"fusion-menu awb-menu__main-ul awb-menu__main-ul_row\"><li  id=\"menu-item-14949\"  class=\"menu-item menu-item-type-post_type menu-item-object-page menu-item-14949 awb-menu__li awb-menu__main-li awb-menu__main-li_regular\"  data-item-id=\"14949\"><span class=\"awb-menu__main-background-default awb-menu__main-background-default_fade\"><\/span><span class=\"awb-menu__main-background-active awb-menu__main-background-active_fade\"><\/span><a  href=\"https:\/\/sundentallabs-germany.de\/wordpress\/jobs\/\" class=\"awb-menu__main-a awb-menu__main-a_regular\"><span class=\"menu-text\">Jobs<\/span><\/a><\/li><li  id=\"menu-item-15203\"  class=\"menu-item menu-item-type-custom menu-item-object-custom menu-item-15203 awb-menu__li awb-menu__main-li awb-menu__main-li_regular\"  data-item-id=\"15203\"><span class=\"awb-menu__main-background-default awb-menu__main-background-default_fade\"><\/span><span class=\"awb-menu__main-background-active awb-menu__main-background-active_fade\"><\/span><a  href=\"https:\/\/sundentallabs-germany.de\/wordpress\/jobs\/#stellenangebote\" class=\"awb-menu__main-a awb-menu__main-a_regular\"><span class=\"menu-text\">Stellenangebote<\/span><\/a><\/li><li  id=\"menu-item-15204\"  class=\"menu-item menu-item-type-custom menu-item-object-custom menu-item-15204 awb-menu__li awb-menu__main-li awb-menu__main-li_regular\"  data-item-id=\"15204\"><span class=\"awb-menu__main-background-default awb-menu__main-background-default_fade\"><\/span><span class=\"awb-menu__main-background-active awb-menu__main-background-active_fade\"><\/span><a  href=\"https:\/\/sundentallabs-germany.de\/wordpress\/jobs\/#stellenangebote\" class=\"awb-menu__main-a awb-menu__main-a_regular\"><span class=\"menu-text\">Jetzt bewerben!<\/span><\/a><\/li><\/ul><\/nav><div class=\"fusion-image-element \" style=\"text-align:right;--awb-margin-top:0px;--awb-margin-right:0px;--awb-margin-bottom:0px;--awb-margin-left:0px;--awb-caption-title-font-family:var(--h2_typography-font-family);--awb-caption-title-font-weight:var(--h2_typography-font-weight);--awb-caption-title-font-style:var(--h2_typography-font-style);--awb-caption-title-size:var(--h2_typography-font-size);--awb-caption-title-transform:var(--h2_typography-text-transform);--awb-caption-title-line-height:var(--h2_typography-line-height);--awb-caption-title-letter-spacing:var(--h2_typography-letter-spacing);\"><span class=\" fusion-imageframe imageframe-none imageframe-2 hover-type-none\"><img decoding=\"async\" width=\"555\" height=\"500\" title=\"SDL_Header_frau_freigestellt_500px\" src=\"https:\/\/sundentallabs-germany.de\/wordpress\/wp-content\/uploads\/2023\/07\/SDL_Header_frau_freigestellt_500px.png\" alt class=\"img-responsive wp-image-15094\" srcset=\"https:\/\/sundentallabs-germany.de\/wordpress\/wp-content\/uploads\/2023\/07\/SDL_Header_frau_freigestellt_500px-200x180.png 200w, https:\/\/sundentallabs-germany.de\/wordpress\/wp-content\/uploads\/2023\/07\/SDL_Header_frau_freigestellt_500px-400x360.png 400w, https:\/\/sundentallabs-germany.de\/wordpress\/wp-content\/uploads\/2023\/07\/SDL_Header_frau_freigestellt_500px.png 555w\" sizes=\"(max-width: 1024px) 100vw, (max-width: 640px) 100vw, 555px\" \/><\/span><\/div><\/div><\/div><\/div><\/div><\/div><\/div><\/div><div id=\"stellenangebote\" class=\"fusion-container-anchor\"><div class=\"fusion-fullwidth fullwidth-box fusion-builder-row-2 has-pattern-background has-mask-background nonhundred-percent-fullwidth non-hundred-percent-height-scrolling\" style=\"--awb-background-position:center top;--awb-border-radius-top-left:0px;--awb-border-radius-top-right:0px;--awb-border-radius-bottom-right:0px;--awb-border-radius-bottom-left:0px;--awb-padding-top:50px;--awb-padding-bottom:20px;--awb-flex-wrap:wrap;\" ><div class=\"fusion-builder-row fusion-row\"><div class=\"fusion-layout-column fusion_builder_column fusion-builder-column-1 fusion_builder_column_2_3 2_3 fusion-two-third fusion-column-first\" style=\"--awb-bg-size:cover;width:66.666666666667%;width:calc(66.666666666667% - ( ( 4% ) * 0.66666666666667 ) );margin-right: 4%;\"><div class=\"fusion-column-wrapper fusion-column-has-shadow fusion-flex-column-wrapper-legacy\"><div class=\"fusion-title title fusion-title-2 fusion-sep-none fusion-title-text fusion-title-size-one\" style=\"--awb-margin-top:5px;--awb-margin-bottom:50px;--awb-margin-top-small:0px;--awb-margin-right-small:0px;--awb-margin-bottom-small:20px;--awb-margin-left-small:0px;\"><h1 class=\"fusion-title-heading title-heading-left fusion-responsive-typography-calculated\" style=\"margin:0;--fontSize:33;line-height:1.3;\"><p>Willkommen bei Sun Dental Labs in D\u00fcsseldorf!<br \/>\nDas \u201eetwas andere\u201c Dentallabor.<\/p><\/h1><\/div><div class=\"fusion-text fusion-text-1\"><p>Bei Sun Dental Labs GmbH sind wir stets auf der Suche nach talentierten und engagierten Fachkr\u00e4ften, die unser Team verst\u00e4rken m\u00f6chten.<\/p>\n<p>Als etabliertes Dentallabor in D\u00fcsseldorf bieten wir hochwertigen Zahnersatz und innovative L\u00f6sungen im Bereich der digitalen Fertigungstechnologien. Unser Ziel ist es, unseren Kunden h\u00f6chste Qualit\u00e4t und Service zu bieten.<\/p>\n<h3><strong>Wenn Sie Teil eines dynamischen und innovativen Unternehmens werden m\u00f6chten, das sich auf fortschrittliche CAD\/CAM-Technologien und Outsourcing spezialisiert hat, laden wir Sie ein, sich unsere aktuellen Stellenangebote anzusehen. Werden Sie Teil unseres Teams und tragen Sie dazu bei, die Zukunft der Zahntechnik mitzugestalten.<\/strong><\/h3>\n<\/div><div class=\"fusion-title title fusion-title-3 fusion-sep-none fusion-title-text fusion-title-size-one\" style=\"--awb-margin-top:40px;--awb-margin-bottom:40px;--awb-margin-top-small:0px;--awb-margin-right-small:0px;--awb-margin-bottom-small:20px;--awb-margin-left-small:0px;\"><h1 class=\"fusion-title-heading title-heading-left fusion-responsive-typography-calculated\" style=\"margin:0;--fontSize:33;line-height:1.3;\"><p style=\"text-align: left;\">Unsere Stellenangebote<\/p><\/h1><\/div><div class=\"fusion-image-element in-legacy-container\" style=\"--awb-caption-title-font-family:var(--h2_typography-font-family);--awb-caption-title-font-weight:var(--h2_typography-font-weight);--awb-caption-title-font-style:var(--h2_typography-font-style);--awb-caption-title-size:var(--h2_typography-font-size);--awb-caption-title-transform:var(--h2_typography-text-transform);--awb-caption-title-line-height:var(--h2_typography-line-height);--awb-caption-title-letter-spacing:var(--h2_typography-letter-spacing);\"><span class=\" fusion-imageframe imageframe-none imageframe-3 hover-type-none\"><a class=\"fusion-no-lightbox\" href=\"https:\/\/sundentallabs-germany.de\/wordpress\/customer_service\/\" target=\"_self\" aria-label=\"SDL_jobs_zahntechniker\"><img decoding=\"async\" width=\"850\" height=\"850\" alt=\"sun dental labs jobs zahntechniker cad\/cam\" src=\"https:\/\/sundentallabs-germany.de\/wordpress\/wp-content\/uploads\/2023\/07\/SDL_jobs_zahntechniker.jpg\" class=\"img-responsive wp-image-14943\" srcset=\"https:\/\/sundentallabs-germany.de\/wordpress\/wp-content\/uploads\/2023\/07\/SDL_jobs_zahntechniker-200x200.jpg 200w, https:\/\/sundentallabs-germany.de\/wordpress\/wp-content\/uploads\/2023\/07\/SDL_jobs_zahntechniker-400x400.jpg 400w, https:\/\/sundentallabs-germany.de\/wordpress\/wp-content\/uploads\/2023\/07\/SDL_jobs_zahntechniker-600x600.jpg 600w, https:\/\/sundentallabs-germany.de\/wordpress\/wp-content\/uploads\/2023\/07\/SDL_jobs_zahntechniker-800x800.jpg 800w, https:\/\/sundentallabs-germany.de\/wordpress\/wp-content\/uploads\/2023\/07\/SDL_jobs_zahntechniker.jpg 850w\" sizes=\"(max-width: 800px) 100vw, 800px\" \/><\/a><\/span><\/div><div class=\"fusion-button-wrapper fusion-align-block\"><a class=\"fusion-button button-flat fusion-button-default-size button-default fusion-button-default button-2 fusion-button-span-yes fusion-button-default-type\" style=\"--awb-margin-top:10px;\" target=\"_self\" href=\"https:\/\/sundentallabs-germany.de\/wordpress\/zahntechniker\/\"><span class=\"fusion-button-text awb-button__text awb-button__text--default\">Jetzt bewerben!<\/span><\/a><\/div><div class=\"fusion-sep-clear\"><\/div><div class=\"fusion-separator fusion-full-width-sep\" style=\"margin-left: auto;margin-right: auto;margin-top:50px;margin-bottom:50px;width:100%;\"><div class=\"fusion-separator-border sep-double\" style=\"--awb-height:20px;--awb-amount:20px;--awb-sep-color:var(--awb-color7);border-color:var(--awb-color7);border-top-width:1px;border-bottom-width:1px;\"><\/div><\/div><div class=\"fusion-sep-clear\"><\/div><div class=\"fusion-image-element in-legacy-container\" style=\"--awb-caption-title-font-family:var(--h2_typography-font-family);--awb-caption-title-font-weight:var(--h2_typography-font-weight);--awb-caption-title-font-style:var(--h2_typography-font-style);--awb-caption-title-size:var(--h2_typography-font-size);--awb-caption-title-transform:var(--h2_typography-text-transform);--awb-caption-title-line-height:var(--h2_typography-line-height);--awb-caption-title-letter-spacing:var(--h2_typography-letter-spacing);\"><span class=\" fusion-imageframe imageframe-none imageframe-4 hover-type-none\"><a class=\"fusion-no-lightbox\" href=\"https:\/\/sundentallabs-germany.de\/wordpress\/customer_service\/\" target=\"_self\" aria-label=\"SDL_jobs_auftragsannahme\"><img decoding=\"async\" width=\"850\" height=\"850\" alt=\"sun dental labs jobs auftragsannahme customerservice\" src=\"https:\/\/sundentallabs-germany.de\/wordpress\/wp-content\/uploads\/2023\/07\/SDL_jobs_auftragsannahme.jpg\" class=\"img-responsive wp-image-14941\" srcset=\"https:\/\/sundentallabs-germany.de\/wordpress\/wp-content\/uploads\/2023\/07\/SDL_jobs_auftragsannahme-200x200.jpg 200w, https:\/\/sundentallabs-germany.de\/wordpress\/wp-content\/uploads\/2023\/07\/SDL_jobs_auftragsannahme-400x400.jpg 400w, https:\/\/sundentallabs-germany.de\/wordpress\/wp-content\/uploads\/2023\/07\/SDL_jobs_auftragsannahme-600x600.jpg 600w, https:\/\/sundentallabs-germany.de\/wordpress\/wp-content\/uploads\/2023\/07\/SDL_jobs_auftragsannahme-800x800.jpg 800w, https:\/\/sundentallabs-germany.de\/wordpress\/wp-content\/uploads\/2023\/07\/SDL_jobs_auftragsannahme.jpg 850w\" sizes=\"(max-width: 800px) 100vw, 800px\" \/><\/a><\/span><\/div><div class=\"fusion-button-wrapper fusion-align-block\"><a class=\"fusion-button button-flat fusion-button-default-size button-default fusion-button-default button-3 fusion-button-span-yes fusion-button-default-type\" style=\"--awb-margin-top:10px;\" target=\"_self\" href=\"https:\/\/sundentallabs-germany.de\/wordpress\/customer_service\/#onlinebewerbung\"><span class=\"fusion-button-text awb-button__text awb-button__text--default\">Jetzt bewerben!<\/span><\/a><\/div><div class=\"fusion-clearfix\"><\/div><\/div><\/div><div class=\"fusion-layout-column fusion_builder_column fusion-builder-column-2 fusion_builder_column_1_3 1_3 fusion-one-third fusion-column-last\" style=\"--awb-padding-top:20px;--awb-padding-right:20px;--awb-padding-bottom:20px;--awb-padding-left:20px;--awb-bg-color:rgba(198,199,200,0.3);--awb-bg-color-hover:rgba(198,199,200,0.3);--awb-bg-size:cover;--awb-margin-bottom:0px;width:33.333333333333%;width:calc(33.333333333333% - ( ( 4% ) * 0.33333333333333 ) );\"><div class=\"fusion-column-wrapper fusion-column-has-shadow fusion-flex-column-wrapper-legacy\"><div class=\"fusion-title title fusion-title-4 fusion-sep-none fusion-title-text fusion-title-size-three\" style=\"--awb-margin-bottom:0px;--awb-margin-top-small:0px;--awb-margin-right-small:0px;--awb-margin-bottom-small:20px;--awb-margin-left-small:0px;\"><h3 class=\"fusion-title-heading title-heading-left fusion-responsive-typography-calculated\" style=\"margin:0;--fontSize:18;--minFontSize:18;line-height:1.41;\"><h4><strong>Sie haben Fragen? <\/strong><br \/>\n<strong>Gern rufen wir zur\u00fcck!<\/strong><\/h4><\/h3><\/div>\n<div class=\"wpcf7 no-js\" id=\"wpcf7-f14957-o1\" lang=\"de-DE\" dir=\"ltr\" data-wpcf7-id=\"14957\">\n<div class=\"screen-reader-response\"><p role=\"status\" aria-live=\"polite\" aria-atomic=\"true\"><\/p> <ul><\/ul><\/div>\n<form action=\"\/wordpress\/wp-json\/wp\/v2\/pages\/14912#wpcf7-f14957-o1\" method=\"post\" class=\"wpcf7-form init\" aria-label=\"Kontaktformular\" novalidate=\"novalidate\" data-status=\"init\">\n<fieldset class=\"hidden-fields-container\"><input type=\"hidden\" name=\"_wpcf7\" value=\"14957\" \/><input type=\"hidden\" name=\"_wpcf7_version\" value=\"6.1.5\" \/><input type=\"hidden\" name=\"_wpcf7_locale\" value=\"de_DE\" \/><input type=\"hidden\" name=\"_wpcf7_unit_tag\" value=\"wpcf7-f14957-o1\" \/><input type=\"hidden\" name=\"_wpcf7_container_post\" value=\"0\" \/><input type=\"hidden\" name=\"_wpcf7_posted_data_hash\" value=\"\" \/>\n<\/fieldset>\n<p><label> Ihr Name*<br \/>\n<span class=\"wpcf7-form-control-wrap\" data-name=\"your-name\"><input size=\"40\" maxlength=\"400\" class=\"wpcf7-form-control wpcf7-text wpcf7-validates-as-required\" autocomplete=\"name\" aria-required=\"true\" aria-invalid=\"false\" value=\"\" type=\"text\" name=\"your-name\" \/><\/span> <\/label>\n<\/p>\n<p><label> Ihre E-Mail-Adresse*<br \/>\n<span class=\"wpcf7-form-control-wrap\" data-name=\"your-email\"><input size=\"40\" maxlength=\"400\" class=\"wpcf7-form-control wpcf7-email wpcf7-validates-as-required wpcf7-text wpcf7-validates-as-email\" autocomplete=\"email\" aria-required=\"true\" aria-invalid=\"false\" value=\"\" type=\"email\" name=\"your-email\" \/><\/span> <\/label>\n<\/p>\n<p><label> Ihre Telefon-Nummer*<br \/>\n<span class=\"wpcf7-form-control-wrap\" data-name=\"tel-704\"><input size=\"40\" maxlength=\"400\" class=\"wpcf7-form-control wpcf7-tel wpcf7-validates-as-required wpcf7-text wpcf7-validates-as-tel\" aria-required=\"true\" aria-invalid=\"false\" value=\"\" type=\"tel\" name=\"tel-704\" \/><\/span> <\/label>\n<\/p>\n<p><span class=\"wpcf7-form-control-wrap\" data-name=\"use_label_element\"><span class=\"wpcf7-form-control wpcf7-checkbox wpcf7-validates-as-required\"><span class=\"wpcf7-list-item first last\"><input type=\"checkbox\" name=\"use_label_element[]\" value=\"Ich habe die Datenschutzerkl\u00e4rung zur Kenntnis genommen. Ich stimme einer elektronischen Speicherung und Verarbeitung meiner eingegebenen Daten zur Beantwortung meiner Anfrage zu.*\" \/><span class=\"wpcf7-list-item-label\">Ich habe die Datenschutzerkl\u00e4rung zur Kenntnis genommen. Ich stimme einer elektronischen Speicherung und Verarbeitung meiner eingegebenen Daten zur Beantwortung meiner Anfrage zu.*<\/span><\/span><\/span><\/span>\n<\/p>\n<p><input class=\"wpcf7-form-control wpcf7-submit has-spinner\" type=\"submit\" value=\"Senden\" \/>\n<\/p><div class=\"fusion-alert alert custom alert-custom fusion-alert-center wpcf7-response-output fusion-alert-capitalize awb-alert-native-link-color alert-dismissable awb-alert-close-boxed\" style=\"--awb-border-top-left-radius:0px;--awb-border-top-right-radius:0px;--awb-border-bottom-left-radius:0px;--awb-border-bottom-right-radius:0px;\" role=\"alert\"><div class=\"fusion-alert-content-wrapper\"><span class=\"fusion-alert-content\"><\/span><\/div><button type=\"button\" class=\"close toggle-alert\" data-dismiss=\"alert\" aria-label=\"Close\">&times;<\/button><\/div>\n<\/form>\n<\/div>\n<div class=\"fusion-clearfix\"><\/div><\/div><\/div><\/div><\/div><\/div><\/p>\n","protected":false},"excerpt":{"rendered":"","protected":false},"author":1,"featured_media":0,"parent":0,"menu_order":0,"comment_status":"closed","ping_status":"closed","template":"100-width.php","meta":{"footnotes":""},"class_list":["post-14912","page","type-page","status-publish","hentry"],"aioseo_notices":[],"_links":{"self":[{"href":"https:\/\/sundentallabs-germany.de\/wordpress\/wp-json\/wp\/v2\/pages\/14912","targetHints":{"allow":["GET"]}}],"collection":[{"href":"https:\/\/sundentallabs-germany.de\/wordpress\/wp-json\/wp\/v2\/pages"}],"about":[{"href":"https:\/\/sundentallabs-germany.de\/wordpress\/wp-json\/wp\/v2\/types\/page"}],"author":[{"embeddable":true,"href":"https:\/\/sundentallabs-germany.de\/wordpress\/wp-json\/wp\/v2\/users\/1"}],"replies":[{"embeddable":true,"href":"https:\/\/sundentallabs-germany.de\/wordpress\/wp-json\/wp\/v2\/comments?post=14912"}],"version-history":[{"count":98,"href":"https:\/\/sundentallabs-germany.de\/wordpress\/wp-json\/wp\/v2\/pages\/14912\/revisions"}],"predecessor-version":[{"id":16394,"href":"https:\/\/sundentallabs-germany.de\/wordpress\/wp-json\/wp\/v2\/pages\/14912\/revisions\/16394"}],"wp:attachment":[{"href":"https:\/\/sundentallabs-germany.de\/wordpress\/wp-json\/wp\/v2\/media?parent=14912"}],"curies":[{"name":"wp","href":"https:\/\/api.w.org\/{rel}","templated":true}]}}