{"id":12751,"date":"2017-04-28T16:26:58","date_gmt":"2017-04-28T14:26:58","guid":{"rendered":"http:\/\/sundentallabs-germany.de\/wordpress\/?page_id=12751"},"modified":"2017-05-19T12:36:30","modified_gmt":"2017-05-19T10:36:30","slug":"suntech-nem-gerueste-gefraest","status":"publish","type":"page","link":"https:\/\/sundentallabs-germany.de\/wordpress\/suntech-nem-gerueste-gefraest\/","title":{"rendered":"Suntech\u00ae NEM Ger\u00fcste, gefr\u00e4st"},"content":{"rendered":"<div class=\"fusion-fullwidth fullwidth-box fusion-builder-row-1 nonhundred-percent-fullwidth non-hundred-percent-height-scrolling\" style=\"--awb-border-radius-top-left:0px;--awb-border-radius-top-right:0px;--awb-border-radius-bottom-right:0px;--awb-border-radius-bottom-left:0px;--awb-padding-top:20px;--awb-padding-bottom:20px;--awb-flex-wrap:wrap;\" ><div class=\"fusion-builder-row fusion-row\"><div class=\"fusion-layout-column fusion_builder_column fusion-builder-column-0 fusion_builder_column_2_3 2_3 fusion-two-third fusion-column-first\" style=\"--awb-bg-size:cover;width:66.666666666667%;width:calc(66.666666666667% - ( ( 4% ) * 0.66666666666667 ) );margin-right: 4%;\"><div class=\"fusion-column-wrapper fusion-flex-column-wrapper-legacy\"><div class=\"fusion-title title fusion-title-1 fusion-sep-none fusion-title-text fusion-title-size-two\" style=\"--awb-margin-top-small:0px;--awb-margin-right-small:0px;--awb-margin-bottom-small:20px;--awb-margin-left-small:0px;\"><h2 class=\"fusion-title-heading title-heading-left fusion-responsive-typography-calculated\" style=\"margin:0;--fontSize:24;line-height:1.5;\">Suntech\u00ae NEM Ger\u00fcste, gefr\u00e4st<\/h2><\/div><div class=\"fusion-text fusion-text-1\"><h3>Material: Zeno NP (Wieland\/Ivoclar Vivadent)<\/h3>\n<h3>Eigenschaften:<\/h3>\n<p>Mit ZENOTEC NP steht eine hochwertige CoCr-Legierung (Typ 4) f\u00fcr alle Anwendungen der VMK-Technik zur Verf\u00fcgung. Das industriell gefertigte Material bietet eine hohe Verarbeitungssicherheit mit den hervorragenden mechanischen Eigenschaften und garantiert ganz automatisch eine gleichbleibende Qualit\u00e4t. Dar\u00fcber hinaus steht die CoCr-Legierung f\u00fcr eine ausgezeichnete Korrosions- und Temperaturbest\u00e4ndigkeit. ZENOTEC NP Blanks sind selbstverst\u00e4ndlich nickel- und berylliumfrei und daher biovertr\u00e4glich.<\/p>\n<\/div><style type='text\/css'>\n\t\t\t\t.pricing-table-1.fusion-pricing-table .panel-container, .pricing-table-1.fusion-pricing-table .standout .panel-container,\n\t\t\t\t.pricing-table-1.full-boxed-pricing.fusion-pricing-table {background-color:rgba(198,199,200,0.5);}\n\t\t\t\t.pricing-table-1.fusion-pricing-table .list-group .list-group-item,\n\t\t\t\t.pricing-table-1.fusion-pricing-table .list-group .list-group-item:last-child{background-color:#ffffff; border-color:#c6c7c8;}\n\t\t\t\t.pricing-table-1.full-boxed-pricing.fusion-pricing-table .panel-wrapper:hover .panel-heading,\n\t\t\t\t.pricing-table-1.fusion-pricing-table .panel-wrapper:hover .list-group-item {background-color:rgba(198,199,200,0.5);}\n\t\t\t\t.pricing-table-1.full-boxed-pricing.fusion-pricing-table .panel-heading{background-color:#ffffff;}\n\t\t\t\t.pricing-table-1.fusion-pricing-table .fusion-panel, .pricing-table-1 .panel-wrapper:last-child .fusion-panel,\n\t\t\t\t.pricing-table-1.fusion-pricing-table .standout .fusion-panel, .pricing-table-1.fusion-pricing-table  .panel-heading,\n\t\t\t\t.pricing-table-1.fusion-pricing-table .panel-body, .pricing-table-1.fusion-pricing-table .panel-footer{border-color:#c6c7c8;}\n\t\t\t\t.pricing-table-1.fusion-pricing-table .panel-body, .pricing-table-1.fusion-pricing-table .panel-footer{background-color:rgba(198,199,200,0.5);}\n\t\t\t\t.pricing-table-1.sep-boxed-pricing.fusion-pricing-table .panel-heading h3{color:#333333;}\n\t\t\t\t.pricing-table-1.full-boxed-pricing.fusion-pricing-table .panel-heading h3{color:#333333;}\n\t\t\t\t.pricing-table-1.fusion-pricing-table .panel-body .price .decimal-part{color:#e2001a;}\n\t\t\t\t.pricing-table-1.fusion-pricing-table .panel-body .price .integer-part{color:#e2001a;}\n\t\t\t\t.pricing-table-1.fusion-pricing-table ul.list-group li{color:#000000;}\n\t\t\t\t<\/style><div class=\"fusion-pricing-table pricing-table-1 full-boxed-pricing row fusion-columns-3 columns-3 fusion-clearfix\"><div class=\"panel-wrapper fusion-column column col-lg-4 col-md-4 col-sm-4 fusion-pricingtable-column\"><div class=\"panel-container\"><div class=\"fusion-panel\"><div class=\"panel-heading\"><h3 class=\"title-row\">Eigenschaften<\/h3><\/div><div class=\"panel-body pricing-row\"><\/div><ul class=\"list-group\"><li class=\"list-group-item normal-row\">Dichte<\/li><li class=\"list-group-item normal-row\">WAK (5 &#8211; 500\u00b0C)<\/li><li class=\"list-group-item normal-row\">0,2% Dehnungsgrenze<\/li><li class=\"list-group-item normal-row\">Bruchdehnung<\/li><li class=\"list-group-item normal-row\">E-Modul<\/li><li class=\"list-group-item normal-row\">Solidus-\/Liquidustemperatur<\/li><\/ul><\/div><\/div><\/div><div class=\"panel-wrapper fusion-column column col-lg-4 col-md-4 col-sm-4 fusion-pricingtable-column\"><div class=\"panel-container\"><div class=\"fusion-panel\"><div class=\"panel-heading\"><h3 class=\"title-row\">Einheit<\/h3><\/div><div class=\"panel-body pricing-row\"><\/div><ul class=\"list-group\"><li class=\"list-group-item normal-row\">g\/cm3<\/li><li class=\"list-group-item normal-row\">10-6K-1<\/li><li class=\"list-group-item normal-row\">MPa<\/li><li class=\"list-group-item normal-row\">%<\/li><li class=\"list-group-item normal-row\">GPa<\/li><li class=\"list-group-item normal-row\">\u00b0C<\/li><\/ul><\/div><\/div><\/div><div class=\"panel-wrapper fusion-column column col-lg-4 col-md-4 col-sm-4 fusion-pricingtable-column\"><div class=\"panel-container\"><div class=\"fusion-panel\"><div class=\"panel-heading\"><h3 class=\"title-row\">Wert<\/h3><\/div><div class=\"panel-body pricing-row\"><\/div><ul class=\"list-group\"><li class=\"list-group-item normal-row\">8,8<\/li><li class=\"list-group-item normal-row\">14,4<\/li><li class=\"list-group-item normal-row\">\u2265 270<\/li><li class=\"list-group-item normal-row\">\u2265 5<\/li><li class=\"list-group-item normal-row\">210<\/li><li class=\"list-group-item normal-row\">1310 \/ 1385<\/li><\/ul><\/div><\/div><\/div><\/div><div class=\"fusion-clearfix\"><\/div><\/div><\/div><div class=\"fusion-layout-column fusion_builder_column fusion-builder-column-1 fusion_builder_column_1_3 1_3 fusion-one-third fusion-column-last\" style=\"--awb-bg-size:cover;width:33.333333333333%;width:calc(33.333333333333% - ( ( 4% ) * 0.33333333333333 ) );\"><div class=\"fusion-column-wrapper fusion-flex-column-wrapper-legacy\"><div class=\"fusion-image-element fusion-image-align-center in-legacy-container\" style=\"text-align:center;--awb-caption-title-font-family:var(--h2_typography-font-family);--awb-caption-title-font-weight:var(--h2_typography-font-weight);--awb-caption-title-font-style:var(--h2_typography-font-style);--awb-caption-title-size:var(--h2_typography-font-size);--awb-caption-title-transform:var(--h2_typography-text-transform);--awb-caption-title-line-height:var(--h2_typography-line-height);--awb-caption-title-letter-spacing:var(--h2_typography-letter-spacing);\"><div class=\"imageframe-align-center\"><span class=\" fusion-imageframe imageframe-none imageframe-1 hover-type-none\"><img decoding=\"async\" width=\"250\" height=\"86\" title=\"087_wieland_ivoclar\" src=\"https:\/\/sundentallabs-germany.de\/wordpress\/wp-content\/uploads\/2016\/11\/087_wieland_ivoclar.png\" alt class=\"img-responsive wp-image-12671\" srcset=\"https:\/\/sundentallabs-germany.de\/wordpress\/wp-content\/uploads\/2016\/11\/087_wieland_ivoclar-200x69.png 200w, https:\/\/sundentallabs-germany.de\/wordpress\/wp-content\/uploads\/2016\/11\/087_wieland_ivoclar.png 250w\" sizes=\"(max-width: 800px) 100vw, 250px\" \/><\/span><\/div><\/div><div class=\"fusion-sep-clear\"><\/div><div class=\"fusion-separator fusion-full-width-sep\" style=\"margin-left: auto;margin-right: auto;margin-top:20px;margin-bottom:20px;width:100%;\"><div class=\"fusion-separator-border sep-single sep-solid\" style=\"--awb-height:20px;--awb-amount:20px;--awb-sep-color:#ffffff;border-color:#ffffff;border-top-width:1px;\"><\/div><\/div><div class=\"fusion-sep-clear\"><\/div><div class=\"fusion-button-wrapper fusion-aligncenter\"><a class=\"fusion-button button-flat button-large button-default fusion-button-default button-1 fusion-button-default-span fusion-button-default-type\" target=\"_blank\" rel=\"noopener noreferrer\" href=\"https:\/\/sundentallabs-germany.de\/wordpress\/wp-content\/uploads\/2017\/04\/Zertifikat_Wieland_Zenotec_NP_Disc_d.pdf\"><span class=\"fusion-button-text awb-button__text awb-button__text--default\">Zertifikat<\/span><\/a><\/div><div class=\"fusion-clearfix\"><\/div><\/div><\/div><\/div><\/div>\n","protected":false},"excerpt":{"rendered":"","protected":false},"author":1,"featured_media":0,"parent":0,"menu_order":0,"comment_status":"closed","ping_status":"closed","template":"","meta":{"footnotes":""},"class_list":["post-12751","page","type-page","status-publish","hentry"],"aioseo_notices":[],"_links":{"self":[{"href":"https:\/\/sundentallabs-germany.de\/wordpress\/wp-json\/wp\/v2\/pages\/12751","targetHints":{"allow":["GET"]}}],"collection":[{"href":"https:\/\/sundentallabs-germany.de\/wordpress\/wp-json\/wp\/v2\/pages"}],"about":[{"href":"https:\/\/sundentallabs-germany.de\/wordpress\/wp-json\/wp\/v2\/types\/page"}],"author":[{"embeddable":true,"href":"https:\/\/sundentallabs-germany.de\/wordpress\/wp-json\/wp\/v2\/users\/1"}],"replies":[{"embeddable":true,"href":"https:\/\/sundentallabs-germany.de\/wordpress\/wp-json\/wp\/v2\/comments?post=12751"}],"version-history":[{"count":5,"href":"https:\/\/sundentallabs-germany.de\/wordpress\/wp-json\/wp\/v2\/pages\/12751\/revisions"}],"predecessor-version":[{"id":12842,"href":"https:\/\/sundentallabs-germany.de\/wordpress\/wp-json\/wp\/v2\/pages\/12751\/revisions\/12842"}],"wp:attachment":[{"href":"https:\/\/sundentallabs-germany.de\/wordpress\/wp-json\/wp\/v2\/media?parent=12751"}],"curies":[{"name":"wp","href":"https:\/\/api.w.org\/{rel}","templated":true}]}}