{"id":12515,"date":"2017-04-03T14:30:21","date_gmt":"2017-04-03T12:30:21","guid":{"rendered":"http:\/\/sundentallabs-germany.de\/wordpress\/?page_id=12515"},"modified":"2025-03-06T11:15:16","modified_gmt":"2025-03-06T10:15:16","slug":"preisinformation","status":"publish","type":"page","link":"https:\/\/sundentallabs-germany.de\/wordpress\/preisinformation\/","title":{"rendered":"Preisinformation"},"content":{"rendered":"<div class=\"fusion-fullwidth fullwidth-box fusion-builder-row-1 nonhundred-percent-fullwidth non-hundred-percent-height-scrolling\" style=\"--awb-border-radius-top-left:0px;--awb-border-radius-top-right:0px;--awb-border-radius-bottom-right:0px;--awb-border-radius-bottom-left:0px;--awb-padding-top:20px;--awb-padding-bottom:20px;--awb-flex-wrap:wrap;\" ><div class=\"fusion-builder-row fusion-row\"><div class=\"fusion-layout-column fusion_builder_column fusion-builder-column-0 fusion_builder_column_1_1 1_1 fusion-one-full fusion-column-first fusion-column-last\" style=\"--awb-bg-size:cover;\"><div class=\"fusion-column-wrapper fusion-flex-column-wrapper-legacy\"><div class=\"fusion-image-element in-legacy-container\" style=\"--awb-caption-title-font-family:var(--h2_typography-font-family);--awb-caption-title-font-weight:var(--h2_typography-font-weight);--awb-caption-title-font-style:var(--h2_typography-font-style);--awb-caption-title-size:var(--h2_typography-font-size);--awb-caption-title-transform:var(--h2_typography-text-transform);--awb-caption-title-line-height:var(--h2_typography-line-height);--awb-caption-title-letter-spacing:var(--h2_typography-letter-spacing);\"><span class=\" fusion-imageframe imageframe-none imageframe-1 hover-type-none\"><img decoding=\"async\" width=\"1024\" height=\"419\" alt=\"sun dental labs qualit\u00e4t seit 19 Jahren\" title=\"292_sdl_labor\" src=\"https:\/\/sundentallabs-germany.de\/wordpress\/wp-content\/uploads\/2025\/03\/292_sdl_labor-1024x419.jpg\" class=\"img-responsive wp-image-16179\" srcset=\"https:\/\/sundentallabs-germany.de\/wordpress\/wp-content\/uploads\/2025\/03\/292_sdl_labor-200x82.jpg 200w, https:\/\/sundentallabs-germany.de\/wordpress\/wp-content\/uploads\/2025\/03\/292_sdl_labor-400x164.jpg 400w, https:\/\/sundentallabs-germany.de\/wordpress\/wp-content\/uploads\/2025\/03\/292_sdl_labor-600x245.jpg 600w, https:\/\/sundentallabs-germany.de\/wordpress\/wp-content\/uploads\/2025\/03\/292_sdl_labor-800x327.jpg 800w, https:\/\/sundentallabs-germany.de\/wordpress\/wp-content\/uploads\/2025\/03\/292_sdl_labor.jpg 1100w\" sizes=\"(max-width: 800px) 100vw, 1024px\" \/><\/span><\/div><div class=\"fusion-title title fusion-title-1 fusion-sep-none fusion-title-text fusion-title-size-one\" style=\"--awb-margin-top:40px;--awb-margin-bottom:20px;--awb-margin-top-small:0px;--awb-margin-right-small:0px;--awb-margin-bottom-small:20px;--awb-margin-left-small:0px;\"><h1 class=\"fusion-title-heading title-heading-left fusion-responsive-typography-calculated\" style=\"margin:0;--fontSize:33;line-height:1.3;\">Preisinformation &amp; Rechnungslegung<\/h1><\/div><div class=\"fusion-text fusion-text-1\"><p>Eine Preisliste kann Ihnen selbstverst\u00e4ndlich jederzeit auf Anfrage per E-Mail oder per Post zugeschickt werden.<\/p>\n<\/div><div class=\"fusion-sep-clear\"><\/div><div class=\"fusion-separator fusion-full-width-sep\" style=\"margin-left: auto;margin-right: auto;margin-top:20px;margin-bottom:30px;width:100%;\"><div class=\"fusion-separator-border sep-single sep-solid\" style=\"--awb-height:20px;--awb-amount:20px;--awb-sep-color:#e2001a;border-color:#e2001a;border-top-width:1px;\"><\/div><\/div><div class=\"fusion-sep-clear\"><\/div><div class=\"fusion-title title fusion-title-2 fusion-sep-none fusion-title-text fusion-title-size-one\" style=\"--awb-margin-top:20px;--awb-margin-bottom:10px;--awb-margin-top-small:0px;--awb-margin-right-small:0px;--awb-margin-bottom-small:20px;--awb-margin-left-small:0px;\"><h1 class=\"fusion-title-heading title-heading-left fusion-responsive-typography-calculated\" style=\"margin:0;--fontSize:33;line-height:1.3;\">Rechnungslegung<\/h1><\/div><div class=\"fusion-text fusion-text-2\"><ul>\n<li>Sie erhalten f\u00fcr jeden Ihrer Auftr\u00e4ge eine von unserem System generierte Privatrechnung, auf der systemspezifische Sun Dental Produkt-ID\u00b4s bzw. Rechnungspositionen ausgewiesen werden.<\/li>\n<li>Selbstverst\u00e4ndlich k\u00f6nnen wir f\u00fcr Sie auch parallel BEB\/BEL II konforme Rechnungen erstellen, die dann als xml Datei und PDF an Sie verschickt werden. Hierf\u00fcr bitten wir um Angabe der XML-\/Laborauftragsnummer und um die E-Mail Adresse.<\/li>\n<li>Zahlungsziel ist 30 Tage netto f\u00fcr jede Einzelrechnung.<\/li>\n<li>Alternativ haben Sie die M\u00f6glichkeit, Ihre Rechnung\/en anhand der im Zahntechnikerhandwerk \u00fcblichen Sammelaufstellung zu bezahlen. Diese Aufstellung dient der Abrechnungshilfe und zum Abgleich aller Offenen Posten zum Monatsende. Bei Bedarf kann diese als &#8222;Monatsrechnung&#8220; genutzt werden.<\/li>\n<li>Bitte bedenken Sie, dass auch evtl. nicht bezahlte Rechnungen aus den Vormonaten solange auf der Liste erscheinen, bis sie beglichen werden (Offene Posten Liste).<\/li>\n<li>Diese wird Ihnen postalisch in den ersten Tagen des Folgemonats zugestellt und mu\u00df innerhalb dieses Folgemonats beglichen werden.<\/li>\n<li>Bei Erteilung eines SEPA Lastschriftmandats werden 2% Skonto gew\u00e4hrt.<\/li>\n<\/ul>\n<\/div><div class=\"fusion-clearfix\"><\/div><\/div><\/div><\/div><\/div>\n","protected":false},"excerpt":{"rendered":"","protected":false},"author":1,"featured_media":0,"parent":0,"menu_order":0,"comment_status":"closed","ping_status":"closed","template":"","meta":{"footnotes":""},"class_list":["post-12515","page","type-page","status-publish","hentry"],"aioseo_notices":[],"_links":{"self":[{"href":"https:\/\/sundentallabs-germany.de\/wordpress\/wp-json\/wp\/v2\/pages\/12515","targetHints":{"allow":["GET"]}}],"collection":[{"href":"https:\/\/sundentallabs-germany.de\/wordpress\/wp-json\/wp\/v2\/pages"}],"about":[{"href":"https:\/\/sundentallabs-germany.de\/wordpress\/wp-json\/wp\/v2\/types\/page"}],"author":[{"embeddable":true,"href":"https:\/\/sundentallabs-germany.de\/wordpress\/wp-json\/wp\/v2\/users\/1"}],"replies":[{"embeddable":true,"href":"https:\/\/sundentallabs-germany.de\/wordpress\/wp-json\/wp\/v2\/comments?post=12515"}],"version-history":[{"count":6,"href":"https:\/\/sundentallabs-germany.de\/wordpress\/wp-json\/wp\/v2\/pages\/12515\/revisions"}],"predecessor-version":[{"id":16180,"href":"https:\/\/sundentallabs-germany.de\/wordpress\/wp-json\/wp\/v2\/pages\/12515\/revisions\/16180"}],"wp:attachment":[{"href":"https:\/\/sundentallabs-germany.de\/wordpress\/wp-json\/wp\/v2\/media?parent=12515"}],"curies":[{"name":"wp","href":"https:\/\/api.w.org\/{rel}","templated":true}]}}