{"id":12363,"date":"2017-03-15T16:07:34","date_gmt":"2017-03-15T15:07:34","guid":{"rendered":"http:\/\/sundentallabs-germany.de\/wordpress\/?page_id=12363"},"modified":"2017-05-19T15:29:33","modified_gmt":"2017-05-19T13:29:33","slug":"zirkoniumoxid","status":"publish","type":"page","link":"https:\/\/sundentallabs-germany.de\/wordpress\/zirkoniumoxid\/","title":{"rendered":"Suntech\u00ae Zirkonium"},"content":{"rendered":"<p><div class=\"fusion-fullwidth fullwidth-box fusion-builder-row-1 nonhundred-percent-fullwidth non-hundred-percent-height-scrolling\" style=\"--awb-border-radius-top-left:0px;--awb-border-radius-top-right:0px;--awb-border-radius-bottom-right:0px;--awb-border-radius-bottom-left:0px;--awb-padding-top:20px;--awb-padding-bottom:20px;--awb-flex-wrap:wrap;\" ><div class=\"fusion-builder-row fusion-row\"><div class=\"fusion-layout-column fusion_builder_column fusion-builder-column-0 fusion_builder_column_3_4 3_4 fusion-three-fourth fusion-column-first\" style=\"--awb-bg-size:cover;width:75%;width:calc(75% - ( ( 4% ) * 0.75 ) );margin-right: 4%;\"><div class=\"fusion-column-wrapper fusion-flex-column-wrapper-legacy\"><div class=\"fusion-title title fusion-title-1 fusion-sep-none fusion-title-text fusion-title-size-one\" style=\"--awb-margin-top-small:0px;--awb-margin-right-small:0px;--awb-margin-bottom-small:20px;--awb-margin-left-small:0px;\"><h1 class=\"fusion-title-heading title-heading-left fusion-responsive-typography-calculated\" style=\"margin:0;--fontSize:33;line-height:1.3;\"><h1 class=\"title-heading-left\" data-fontsize=\"33\" data-lineheight=\"47\">Bio Suntech\u00ae Zirkoniumdioxid, Ger\u00fcst<\/h1><\/h1><\/div><div class=\"fusion-text fusion-text-1\"><h3>Anlieferung von stl Daten:<\/h3>\n<p>Sie erhalten Ihr Ger\u00fcst gefr\u00e4st, gef\u00e4rbt und gesintert<\/p>\n<h3>Anlieferung von Modellen bzw. Abdr\u00fccken:<\/h3>\n<p>Sie erhalten Ihr Ger\u00fcst gef\u00e4rbt, gesintert, aufgepasst und komplett vorbereitet f\u00fcr die Verblendung.<\/p>\n<p><em>Material: DD Bio ZX\u00b2 (DentalDirekt)<\/em><\/p>\n<p><strong>auch als Prim\u00e4r-Teleskop erh\u00e4ltlich<\/strong><\/p>\n<\/div><div class=\"fusion-sep-clear\"><\/div><div class=\"fusion-separator fusion-full-width-sep\" style=\"margin-left: auto;margin-right: auto;margin-top:10px;margin-bottom:15px;width:100%;\"><div class=\"fusion-separator-border sep-single sep-solid\" style=\"--awb-height:20px;--awb-amount:20px;--awb-sep-color:#e2001a;border-color:#e2001a;border-top-width:1px;\"><\/div><\/div><div class=\"fusion-sep-clear\"><\/div><div class=\"fusion-title title fusion-title-2 fusion-sep-none fusion-title-text fusion-title-size-one\" style=\"--awb-margin-top-small:0px;--awb-margin-right-small:0px;--awb-margin-bottom-small:20px;--awb-margin-left-small:0px;\"><h1 class=\"fusion-title-heading title-heading-left fusion-responsive-typography-calculated\" style=\"margin:0;--fontSize:33;line-height:1.3;\"><h1 class=\"title-heading-left\" data-fontsize=\"33\" data-lineheight=\"47\">Suntech\u00ae Zirkoniumoxid, Ger\u00fcst<\/h1><\/h1><\/div><div class=\"fusion-text fusion-text-2\"><h3>Anlieferung von stl Daten:<\/h3>\n<p>Sie erhalten Ihr Ger\u00fcst gefr\u00e4st, gef\u00e4rbt und gesintert<\/p>\n<h3>Anlieferung von Modellen bzw. Abdr\u00fccken:<\/h3>\n<p>Sie erhalten Ihr Ger\u00fcst gef\u00e4rbt, gesintert, aufgepasst und komplett vorbereitet f\u00fcr die Verblendung.<\/p>\n<p><em>Material: Zenostar\u00ae T0, transparent (Ivoclar Vivadent)<br \/>\n<\/em><\/p>\n<p><strong>auch als Prim\u00e4r-Teleskop erh\u00e4ltlich <\/strong><\/p>\n<\/div><div class=\"fusion-clearfix\"><\/div><\/div><\/div><div class=\"fusion-layout-column fusion_builder_column fusion-builder-column-1 fusion_builder_column_1_4 1_4 fusion-one-fourth fusion-column-last\" style=\"--awb-bg-size:cover;width:25%;width:calc(25% - ( ( 4% ) * 0.25 ) );\"><div class=\"fusion-column-wrapper fusion-flex-column-wrapper-legacy\"><div class=\"fusion-image-element in-legacy-container\" style=\"--awb-caption-title-font-family:var(--h2_typography-font-family);--awb-caption-title-font-weight:var(--h2_typography-font-weight);--awb-caption-title-font-style:var(--h2_typography-font-style);--awb-caption-title-size:var(--h2_typography-font-size);--awb-caption-title-transform:var(--h2_typography-text-transform);--awb-caption-title-line-height:var(--h2_typography-line-height);--awb-caption-title-letter-spacing:var(--h2_typography-letter-spacing);\"><span class=\" fusion-imageframe imageframe-none imageframe-1 hover-type-none\"><img decoding=\"async\" width=\"300\" height=\"300\" title=\"043_sdl_bio_suntech_zirkon\" src=\"https:\/\/sundentallabs-germany.de\/wordpress\/wp-content\/uploads\/2017\/03\/043_sdl_bio_suntech_zirkon-300x300.jpg\" alt class=\"img-responsive wp-image-12295\" srcset=\"https:\/\/sundentallabs-germany.de\/wordpress\/wp-content\/uploads\/2017\/03\/043_sdl_bio_suntech_zirkon-200x200.jpg 200w, https:\/\/sundentallabs-germany.de\/wordpress\/wp-content\/uploads\/2017\/03\/043_sdl_bio_suntech_zirkon-400x400.jpg 400w, https:\/\/sundentallabs-germany.de\/wordpress\/wp-content\/uploads\/2017\/03\/043_sdl_bio_suntech_zirkon.jpg 500w\" sizes=\"(max-width: 800px) 100vw, 400px\" \/><\/span><\/div><div class=\"fusion-clearfix\"><\/div><\/div><\/div><\/div><\/div><div class=\"fusion-fullwidth fullwidth-box fusion-builder-row-2 nonhundred-percent-fullwidth non-hundred-percent-height-scrolling\" style=\"--awb-border-radius-top-left:0px;--awb-border-radius-top-right:0px;--awb-border-radius-bottom-right:0px;--awb-border-radius-bottom-left:0px;--awb-padding-top:0px;--awb-padding-bottom:0px;--awb-flex-wrap:wrap;\" ><div class=\"fusion-builder-row fusion-row\"><div class=\"fusion-layout-column fusion_builder_column fusion-builder-column-2 fusion_builder_column_1_1 1_1 fusion-one-full fusion-column-first fusion-column-last\" style=\"--awb-bg-size:cover;\"><div class=\"fusion-column-wrapper fusion-flex-column-wrapper-legacy\"><div class=\"fusion-sep-clear\"><\/div><div class=\"fusion-separator fusion-full-width-sep\" style=\"margin-left: auto;margin-right: auto;margin-top:0px;margin-bottom:0px;width:100%;\"><div class=\"fusion-separator-border sep-single sep-solid\" style=\"--awb-height:20px;--awb-amount:20px;--awb-sep-color:#e2001a;border-color:#e2001a;border-top-width:1px;\"><\/div><\/div><div class=\"fusion-sep-clear\"><\/div><div class=\"fusion-clearfix\"><\/div><\/div><\/div><\/div><\/div><div class=\"fusion-fullwidth fullwidth-box fusion-builder-row-3 nonhundred-percent-fullwidth non-hundred-percent-height-scrolling\" style=\"--awb-border-radius-top-left:0px;--awb-border-radius-top-right:0px;--awb-border-radius-bottom-right:0px;--awb-border-radius-bottom-left:0px;--awb-padding-top:20px;--awb-padding-bottom:20px;--awb-flex-wrap:wrap;\" ><div class=\"fusion-builder-row fusion-row\"><div class=\"fusion-layout-column fusion_builder_column fusion-builder-column-3 fusion_builder_column_3_4 3_4 fusion-three-fourth fusion-column-first\" style=\"--awb-bg-size:cover;width:75%;width:calc(75% - ( ( 4% ) * 0.75 ) );margin-right: 4%;\"><div class=\"fusion-column-wrapper fusion-flex-column-wrapper-legacy\"><div class=\"fusion-title title fusion-title-3 fusion-sep-none fusion-title-text fusion-title-size-one\" style=\"--awb-margin-top-small:0px;--awb-margin-right-small:0px;--awb-margin-bottom-small:20px;--awb-margin-left-small:0px;\"><h1 class=\"fusion-title-heading title-heading-left fusion-responsive-typography-calculated\" style=\"margin:0;--fontSize:33;line-height:1.3;\"><h1 class=\"title-heading-left\" data-fontsize=\"33\" data-lineheight=\"47\">Suntech\u00ae Zirkon-Krone \/ Br\u00fccke<\/h1><\/h1><\/div><div class=\"fusion-text fusion-text-3\"><p>Das Ger\u00fcst wird gefr\u00e4st und von unseren anspruchsvollen und qualifizierten Keramikern\/innen nach hoch\u00e4sthetischen Gesichtspunkten verblendet.<\/p>\n<p><em>Material: DD Bio ZX\u00b2 (DentalDirekt), IPS e.max ceram (Ivoclar Vivadent)<\/em><\/p>\n<p><em>\u00a0<\/em><\/p>\n<\/div><div class=\"fusion-clearfix\"><\/div><\/div><\/div><div class=\"fusion-layout-column fusion_builder_column fusion-builder-column-4 fusion_builder_column_1_4 1_4 fusion-one-fourth fusion-column-last\" style=\"--awb-bg-size:cover;width:25%;width:calc(25% - ( ( 4% ) * 0.25 ) );\"><div class=\"fusion-column-wrapper fusion-flex-column-wrapper-legacy\"><div class=\"fusion-image-element in-legacy-container\" style=\"--awb-caption-title-font-family:var(--h2_typography-font-family);--awb-caption-title-font-weight:var(--h2_typography-font-weight);--awb-caption-title-font-style:var(--h2_typography-font-style);--awb-caption-title-size:var(--h2_typography-font-size);--awb-caption-title-transform:var(--h2_typography-text-transform);--awb-caption-title-line-height:var(--h2_typography-line-height);--awb-caption-title-letter-spacing:var(--h2_typography-letter-spacing);\"><span class=\" fusion-imageframe imageframe-none imageframe-2 hover-type-none\"><img decoding=\"async\" width=\"500\" height=\"500\" title=\"082_zirkon_krone_bruecke_psk\" src=\"https:\/\/sundentallabs-germany.de\/wordpress\/wp-content\/uploads\/2017\/03\/082_zirkon_krone_bruecke_psk.jpg\" alt class=\"img-responsive wp-image-12625\" srcset=\"https:\/\/sundentallabs-germany.de\/wordpress\/wp-content\/uploads\/2017\/03\/082_zirkon_krone_bruecke_psk-200x200.jpg 200w, https:\/\/sundentallabs-germany.de\/wordpress\/wp-content\/uploads\/2017\/03\/082_zirkon_krone_bruecke_psk-400x400.jpg 400w, https:\/\/sundentallabs-germany.de\/wordpress\/wp-content\/uploads\/2017\/03\/082_zirkon_krone_bruecke_psk.jpg 500w\" sizes=\"(max-width: 800px) 100vw, 400px\" \/><\/span><\/div><div class=\"fusion-clearfix\"><\/div><\/div><\/div><\/div><\/div><\/p>\n","protected":false},"excerpt":{"rendered":"","protected":false},"author":1,"featured_media":0,"parent":0,"menu_order":0,"comment_status":"closed","ping_status":"closed","template":"","meta":{"footnotes":""},"class_list":["post-12363","page","type-page","status-publish","hentry"],"aioseo_notices":[],"_links":{"self":[{"href":"https:\/\/sundentallabs-germany.de\/wordpress\/wp-json\/wp\/v2\/pages\/12363","targetHints":{"allow":["GET"]}}],"collection":[{"href":"https:\/\/sundentallabs-germany.de\/wordpress\/wp-json\/wp\/v2\/pages"}],"about":[{"href":"https:\/\/sundentallabs-germany.de\/wordpress\/wp-json\/wp\/v2\/types\/page"}],"author":[{"embeddable":true,"href":"https:\/\/sundentallabs-germany.de\/wordpress\/wp-json\/wp\/v2\/users\/1"}],"replies":[{"embeddable":true,"href":"https:\/\/sundentallabs-germany.de\/wordpress\/wp-json\/wp\/v2\/comments?post=12363"}],"version-history":[{"count":18,"href":"https:\/\/sundentallabs-germany.de\/wordpress\/wp-json\/wp\/v2\/pages\/12363\/revisions"}],"predecessor-version":[{"id":12901,"href":"https:\/\/sundentallabs-germany.de\/wordpress\/wp-json\/wp\/v2\/pages\/12363\/revisions\/12901"}],"wp:attachment":[{"href":"https:\/\/sundentallabs-germany.de\/wordpress\/wp-json\/wp\/v2\/media?parent=12363"}],"curies":[{"name":"wp","href":"https:\/\/api.w.org\/{rel}","templated":true}]}}