{"id":12242,"date":"2017-03-03T14:42:07","date_gmt":"2017-03-03T13:42:07","guid":{"rendered":"http:\/\/sundentallabs-germany.de\/wordpress\/?page_id=12242"},"modified":"2021-05-27T13:46:12","modified_gmt":"2021-05-27T11:46:12","slug":"historie","status":"publish","type":"page","link":"https:\/\/sundentallabs-germany.de\/wordpress\/historie\/","title":{"rendered":"Historie"},"content":{"rendered":"<div class=\"fusion-fullwidth fullwidth-box fusion-builder-row-1 nonhundred-percent-fullwidth non-hundred-percent-height-scrolling\" style=\"--awb-border-radius-top-left:0px;--awb-border-radius-top-right:0px;--awb-border-radius-bottom-right:0px;--awb-border-radius-bottom-left:0px;--awb-padding-top:20px;--awb-padding-bottom:20px;--awb-flex-wrap:wrap;\" ><div class=\"fusion-builder-row fusion-row\"><div class=\"fusion-layout-column fusion_builder_column fusion-builder-column-0 fusion_builder_column_1_1 1_1 fusion-one-full fusion-column-first fusion-column-last\" style=\"--awb-bg-size:cover;\"><div class=\"fusion-column-wrapper fusion-flex-column-wrapper-legacy\"><div class=\"fusion-image-element in-legacy-container\" style=\"--awb-caption-title-font-family:var(--h2_typography-font-family);--awb-caption-title-font-weight:var(--h2_typography-font-weight);--awb-caption-title-font-style:var(--h2_typography-font-style);--awb-caption-title-size:var(--h2_typography-font-size);--awb-caption-title-transform:var(--h2_typography-text-transform);--awb-caption-title-line-height:var(--h2_typography-line-height);--awb-caption-title-letter-spacing:var(--h2_typography-letter-spacing);\"><span class=\" fusion-imageframe imageframe-none imageframe-1 hover-type-none\"><img decoding=\"async\" width=\"1100\" height=\"450\" title=\"142_historie\" src=\"https:\/\/sundentallabs-germany.de\/wordpress\/wp-content\/uploads\/2017\/03\/142_historie.jpg\" alt class=\"img-responsive wp-image-13151\" srcset=\"https:\/\/sundentallabs-germany.de\/wordpress\/wp-content\/uploads\/2017\/03\/142_historie-200x82.jpg 200w, https:\/\/sundentallabs-germany.de\/wordpress\/wp-content\/uploads\/2017\/03\/142_historie-400x164.jpg 400w, https:\/\/sundentallabs-germany.de\/wordpress\/wp-content\/uploads\/2017\/03\/142_historie-600x245.jpg 600w, https:\/\/sundentallabs-germany.de\/wordpress\/wp-content\/uploads\/2017\/03\/142_historie-800x327.jpg 800w, https:\/\/sundentallabs-germany.de\/wordpress\/wp-content\/uploads\/2017\/03\/142_historie.jpg 1100w\" sizes=\"(max-width: 800px) 100vw, 1100px\" \/><\/span><\/div><div class=\"fusion-title title fusion-title-1 fusion-sep-none fusion-title-text fusion-title-size-one\" style=\"--awb-margin-top:20px;--awb-margin-top-small:0px;--awb-margin-right-small:0px;--awb-margin-bottom-small:20px;--awb-margin-left-small:0px;\"><h1 class=\"fusion-title-heading title-heading-left fusion-responsive-typography-calculated\" style=\"margin:0;--fontSize:33;line-height:1.3;\">Historie<\/h1><\/div><div class=\"fusion-text fusion-text-1\"><h3>Die Sun Dental Labs GmbH wurde am 01.10.2006 in D\u00fcsseldorf als Deutschlandstandort der Sun Dental Laboratories Gruppe gegr\u00fcndet. Weitere Standorte in Europa sind Stockholm (f\u00fcr den skandinavischen Raum) und Barnsley (f\u00fcr Gro\u00dfbritannien).<\/h3>\n<h3>Der Hauptsitz befindet sich in St.Petersburg nahe Tampa in Florida,USA. Die gr\u00f6\u00dfte Niederlassung \u2013 vertreten durch den Alleingesellschafter der SDL-Gruppe, Mr. Derek Diasti \u2013 bedient Zahnarztpraxen und Labore im gesamtamerikanischen Raum.<\/h3>\n<\/div><div class=\"fusion-sep-clear\"><\/div><div class=\"fusion-separator fusion-full-width-sep\" style=\"margin-left: auto;margin-right: auto;margin-top:8px;margin-bottom:8px;width:100%;\"><\/div><div class=\"fusion-sep-clear\"><\/div><div class=\"fusion-text fusion-text-2\"><p>Im Gr\u00fcndungsjahr war die Sun Dental Labs GmbH D\u00fcsseldorf noch im GAP 15 im Zentrum D\u00fcsseldorfs beheimatet und startete mit 3 Mitarbeitern als reines Labor f\u00fcr Auslandszahnersatz \u2013 fokussiert auf die Herstellung von Sunflex-Teilprothesen und VMK Kronen- und Br\u00fccken. Doch sehr bald reifte der Gedanke, gerade in Deutschland ein Labor f\u00fcr computergest\u00fctzten Zahnersatz (CAD\/CAM) an das bestehende Unternehmen anzugliedern. Geeignete R\u00e4ume f\u00fcr unser Unternehmen (800qm\u00b2) waren schnell gefunden. Erfahrene und kompetente Zahntechniker\/innen konnten begeistert und als Mitarbeiter gewonnen werden \u2013 intensive Schulungen und Fortbildungsma\u00dfnahmen folgten.<\/p>\n<p>W\u00e4hrend der IDS 2007 wurden die schon bestehenden Kontakte zu f\u00fchrenden Herstellern und Lieferanten von Soft- und Hardware und Materialien der CAD\/CAM Technologie intensiviert.<\/p>\n<p>Bestens ausgestattet startete die Sun Dental Labs GmbH erfolgreich im Juni 2007 als CAD\/CAM Fr\u00e4szentrum mit integriertem Dentallabor. In den folgenden Jahren lie\u00dfen Zahnarztpraxen und Dentallabore mehrere 10.000 Einheiten aller CAD\/CAM Materialien in D\u00fcsseldorf fertigen.<\/p>\n<p>Bald darauf veranlasste uns ein immer lauter werdender Wunsch einer Vielzahl unserer Kunden, unser Gesch\u00e4ftsmodell respektive unsere Gesch\u00e4ftsphilosophie zu \u00fcberdenken. Es wurden immer komplexere Strukturen bis zur endg\u00fcltigen Fertigstellung gew\u00fcnscht. Dem haben wir Rechnung tragen k\u00f6nnen \u2013 dabei kam uns unser exorbitant intensives Fortbildungsmanagement zugute, welches bei uns schon jahrelang \u2013 und bis heute &#8211; Anwendung findet.<\/p>\n<p>Unser Labor f\u00fcr digitale Technologien, Implantat-Prothetik und Keramik in D\u00fcsseldorf bietet unseren Kunden mit derzeit 22 Mitarbeitern alle Optionen \u2013 von Inhouse-Fertigung bis Auslandszahnersatz in unseren Partnerlaboren in China (GWR Hongkong) und in der T\u00fcrkei.<\/p>\n<\/div><div class=\"fusion-clearfix\"><\/div><\/div><\/div><\/div><\/div>\n","protected":false},"excerpt":{"rendered":"","protected":false},"author":1,"featured_media":0,"parent":0,"menu_order":0,"comment_status":"closed","ping_status":"closed","template":"","meta":{"footnotes":""},"class_list":["post-12242","page","type-page","status-publish","hentry"],"aioseo_notices":[],"_links":{"self":[{"href":"https:\/\/sundentallabs-germany.de\/wordpress\/wp-json\/wp\/v2\/pages\/12242","targetHints":{"allow":["GET"]}}],"collection":[{"href":"https:\/\/sundentallabs-germany.de\/wordpress\/wp-json\/wp\/v2\/pages"}],"about":[{"href":"https:\/\/sundentallabs-germany.de\/wordpress\/wp-json\/wp\/v2\/types\/page"}],"author":[{"embeddable":true,"href":"https:\/\/sundentallabs-germany.de\/wordpress\/wp-json\/wp\/v2\/users\/1"}],"replies":[{"embeddable":true,"href":"https:\/\/sundentallabs-germany.de\/wordpress\/wp-json\/wp\/v2\/comments?post=12242"}],"version-history":[{"count":22,"href":"https:\/\/sundentallabs-germany.de\/wordpress\/wp-json\/wp\/v2\/pages\/12242\/revisions"}],"predecessor-version":[{"id":14081,"href":"https:\/\/sundentallabs-germany.de\/wordpress\/wp-json\/wp\/v2\/pages\/12242\/revisions\/14081"}],"wp:attachment":[{"href":"https:\/\/sundentallabs-germany.de\/wordpress\/wp-json\/wp\/v2\/media?parent=12242"}],"curies":[{"name":"wp","href":"https:\/\/api.w.org\/{rel}","templated":true}]}}