{"id":12163,"date":"2017-02-13T13:54:36","date_gmt":"2017-02-13T12:54:36","guid":{"rendered":"http:\/\/sundentallabs-germany.de\/wordpress\/?page_id=12163"},"modified":"2017-05-31T18:20:55","modified_gmt":"2017-05-31T16:20:55","slug":"suntech-individuelle-implantat-abutments","status":"publish","type":"page","link":"https:\/\/sundentallabs-germany.de\/wordpress\/suntech-individuelle-implantat-abutments\/","title":{"rendered":"CAD\/CAM individuelle Implantat-Abutments"},"content":{"rendered":"<div class=\"fusion-fullwidth fullwidth-box fusion-builder-row-1 nonhundred-percent-fullwidth non-hundred-percent-height-scrolling\" style=\"--awb-border-radius-top-left:0px;--awb-border-radius-top-right:0px;--awb-border-radius-bottom-right:0px;--awb-border-radius-bottom-left:0px;--awb-padding-top:20px;--awb-padding-bottom:20px;--awb-flex-wrap:wrap;\" ><div class=\"fusion-builder-row fusion-row\"><div class=\"fusion-layout-column fusion_builder_column fusion-builder-column-0 fusion_builder_column_3_4 3_4 fusion-three-fourth fusion-column-first\" style=\"--awb-bg-size:cover;width:75%;width:calc(75% - ( ( 4% ) * 0.75 ) );margin-right: 4%;\"><div class=\"fusion-column-wrapper fusion-flex-column-wrapper-legacy\"><div class=\"fusion-title title fusion-title-1 fusion-sep-none fusion-title-text fusion-title-size-one\" style=\"--awb-margin-top-small:0px;--awb-margin-right-small:0px;--awb-margin-bottom-small:20px;--awb-margin-left-small:0px;\"><h1 class=\"fusion-title-heading title-heading-left fusion-responsive-typography-calculated\" style=\"margin:0;--fontSize:33;line-height:1.3;\">CAD\/CAM individuelle Implantat-Abutments<\/h1><\/div><div class=\"fusion-text fusion-text-1\"><h3>F\u00fcr jede individuelle Patientensituation das richtige individuelle Abutment !<\/h3>\n<p>Erh\u00e4ltlich in Titan, CoCr oder als Hybrid-Abutment* &#8211; verf\u00fcgbar f\u00fcr eine Vielzahl von Herstellern.<\/p>\n<p>Unter Ber\u00fccksichtigung jeder individuellen Patientensituation und des jeweiligen Emergenzprofils konstruieren unsere CAD Experten Ihren Auftrag &#8211; h\u00f6chste Qualit\u00e4tsstandards sind dabei selbstverst\u00e4ndlich.<\/p>\n<p><em>*industriell vorgefertigte Anschlu\u00dfgeometrie aus Titan mit individuellem Zirkonaufbau, verklebt.<\/em><\/p>\n<\/div><div class=\"fusion-clearfix\"><\/div><\/div><\/div><div class=\"fusion-layout-column fusion_builder_column fusion-builder-column-1 fusion_builder_column_1_4 1_4 fusion-one-fourth fusion-column-last\" style=\"--awb-bg-size:cover;width:25%;width:calc(25% - ( ( 4% ) * 0.25 ) );\"><div class=\"fusion-column-wrapper fusion-flex-column-wrapper-legacy\"><div class=\"fusion-image-element in-legacy-container\" style=\"--awb-caption-title-font-family:var(--h2_typography-font-family);--awb-caption-title-font-weight:var(--h2_typography-font-weight);--awb-caption-title-font-style:var(--h2_typography-font-style);--awb-caption-title-size:var(--h2_typography-font-size);--awb-caption-title-transform:var(--h2_typography-text-transform);--awb-caption-title-line-height:var(--h2_typography-line-height);--awb-caption-title-letter-spacing:var(--h2_typography-letter-spacing);\"><span class=\" fusion-imageframe imageframe-none imageframe-1 hover-type-none\"><img decoding=\"async\" width=\"500\" height=\"500\" title=\"053_sdl_indi_abutments\" src=\"https:\/\/sundentallabs-germany.de\/wordpress\/wp-content\/uploads\/2017\/03\/053_sdl_indi_abutments.jpg\" alt class=\"img-responsive wp-image-12329\" srcset=\"https:\/\/sundentallabs-germany.de\/wordpress\/wp-content\/uploads\/2017\/03\/053_sdl_indi_abutments-200x200.jpg 200w, https:\/\/sundentallabs-germany.de\/wordpress\/wp-content\/uploads\/2017\/03\/053_sdl_indi_abutments-400x400.jpg 400w, https:\/\/sundentallabs-germany.de\/wordpress\/wp-content\/uploads\/2017\/03\/053_sdl_indi_abutments.jpg 500w\" sizes=\"(max-width: 800px) 100vw, 400px\" \/><\/span><\/div><div class=\"fusion-image-element in-legacy-container\" style=\"--awb-caption-title-font-family:var(--h2_typography-font-family);--awb-caption-title-font-weight:var(--h2_typography-font-weight);--awb-caption-title-font-style:var(--h2_typography-font-style);--awb-caption-title-size:var(--h2_typography-font-size);--awb-caption-title-transform:var(--h2_typography-text-transform);--awb-caption-title-line-height:var(--h2_typography-line-height);--awb-caption-title-letter-spacing:var(--h2_typography-letter-spacing);\"><span class=\" fusion-imageframe imageframe-none imageframe-2 hover-type-none\"><img decoding=\"async\" width=\"250\" height=\"103\" title=\"012_sdl_dgzi_logo\" src=\"https:\/\/sundentallabs-germany.de\/wordpress\/wp-content\/uploads\/2014\/11\/012_sdl_dgzi_logo.jpg\" alt class=\"img-responsive wp-image-11977\" srcset=\"https:\/\/sundentallabs-germany.de\/wordpress\/wp-content\/uploads\/2014\/11\/012_sdl_dgzi_logo-200x82.jpg 200w, https:\/\/sundentallabs-germany.de\/wordpress\/wp-content\/uploads\/2014\/11\/012_sdl_dgzi_logo.jpg 250w\" sizes=\"(max-width: 800px) 100vw, 250px\" \/><\/span><\/div><div class=\"fusion-clearfix\"><\/div><\/div><\/div><\/div><\/div>\n","protected":false},"excerpt":{"rendered":"","protected":false},"author":1,"featured_media":0,"parent":0,"menu_order":0,"comment_status":"closed","ping_status":"closed","template":"","meta":{"footnotes":""},"class_list":["post-12163","page","type-page","status-publish","hentry"],"aioseo_notices":[],"_links":{"self":[{"href":"https:\/\/sundentallabs-germany.de\/wordpress\/wp-json\/wp\/v2\/pages\/12163","targetHints":{"allow":["GET"]}}],"collection":[{"href":"https:\/\/sundentallabs-germany.de\/wordpress\/wp-json\/wp\/v2\/pages"}],"about":[{"href":"https:\/\/sundentallabs-germany.de\/wordpress\/wp-json\/wp\/v2\/types\/page"}],"author":[{"embeddable":true,"href":"https:\/\/sundentallabs-germany.de\/wordpress\/wp-json\/wp\/v2\/users\/1"}],"replies":[{"embeddable":true,"href":"https:\/\/sundentallabs-germany.de\/wordpress\/wp-json\/wp\/v2\/comments?post=12163"}],"version-history":[{"count":8,"href":"https:\/\/sundentallabs-germany.de\/wordpress\/wp-json\/wp\/v2\/pages\/12163\/revisions"}],"predecessor-version":[{"id":13240,"href":"https:\/\/sundentallabs-germany.de\/wordpress\/wp-json\/wp\/v2\/pages\/12163\/revisions\/13240"}],"wp:attachment":[{"href":"https:\/\/sundentallabs-germany.de\/wordpress\/wp-json\/wp\/v2\/media?parent=12163"}],"curies":[{"name":"wp","href":"https:\/\/api.w.org\/{rel}","templated":true}]}}