{"id":12155,"date":"2017-02-13T13:52:40","date_gmt":"2017-02-13T12:52:40","guid":{"rendered":"http:\/\/sundentallabs-germany.de\/wordpress\/?page_id=12155"},"modified":"2017-05-19T15:31:40","modified_gmt":"2017-05-19T13:31:40","slug":"suntech-cadcam-edelmetall-gold-legierung","status":"publish","type":"page","link":"https:\/\/sundentallabs-germany.de\/wordpress\/suntech-cadcam-edelmetall-gold-legierung\/","title":{"rendered":"Suntech\u00ae Edelmetall-\/Gold-Legierung"},"content":{"rendered":"<div class=\"fusion-fullwidth fullwidth-box fusion-builder-row-1 nonhundred-percent-fullwidth non-hundred-percent-height-scrolling\" style=\"--awb-border-radius-top-left:0px;--awb-border-radius-top-right:0px;--awb-border-radius-bottom-right:0px;--awb-border-radius-bottom-left:0px;--awb-padding-top:20px;--awb-padding-bottom:20px;--awb-flex-wrap:wrap;\" ><div class=\"fusion-builder-row fusion-row\"><div class=\"fusion-layout-column fusion_builder_column fusion-builder-column-0 fusion_builder_column_3_4 3_4 fusion-three-fourth fusion-column-first\" style=\"--awb-bg-size:cover;width:75%;width:calc(75% - ( ( 4% ) * 0.75 ) );margin-right: 4%;\"><div class=\"fusion-column-wrapper fusion-flex-column-wrapper-legacy\"><div class=\"fusion-title title fusion-title-1 fusion-sep-none fusion-title-text fusion-title-size-one\" style=\"--awb-margin-top-small:0px;--awb-margin-right-small:0px;--awb-margin-bottom-small:20px;--awb-margin-left-small:0px;\"><h1 class=\"fusion-title-heading title-heading-left fusion-responsive-typography-calculated\" style=\"margin:0;--fontSize:33;line-height:1.3;\">Suntech\u00ae CAD\/CAM Edelmetall-\/Gold-Legierung<\/h1><\/div><div class=\"fusion-text fusion-text-1\"><p>Ger\u00fcste, Kronen und Br\u00fccken, Teleskope, Inlays, Onlays, etc.<br \/>\nSpannungsfrei \u2013 gefr\u00e4st aus massiven Edelmetallblanks. Erh\u00e4ltlich in 4 bew\u00e4hrten Edelmetall-Legierungen. Kosteng\u00fcnstig und effizient \u2013 die Alternative zum Goldgu\u00df.<\/p>\n<h3>Anlieferung von stl Daten:<\/h3>\n<p>Sie erhalten Ihr Ger\u00fcst gefr\u00e4st.<\/p>\n<h3><strong>Anlieferung von Modellen bzw. Abdr\u00fccken:<\/strong><\/h3>\n<p>Sie erhalten Ihr Ger\u00fcst gefr\u00e4st, aufgepasst und komplett vorbereitet f\u00fcr die Verblendung.<\/p>\n<h2>Kronen\/Br\u00fccken, vollverblendet:<\/h2>\n<p>Das Ger\u00fcst wird gefr\u00e4st und von unseren anspruchsvollen und qualifizierten Keramikern\/innen nach hoch\u00e4sthetischen Gesichtspunkten verblendet.<\/p>\n<p><em>Material: CeHa Gold (C.Hafner), \u00a0IPS e.max ceram (Ivoclar Vivadent)<br \/>\n<\/em><\/p>\n<p><strong>Auch als Prim\u00e4r-Teleskop erh\u00e4ltlich<\/strong><\/p>\n<\/div><div class=\"fusion-clearfix\"><\/div><\/div><\/div><div class=\"fusion-layout-column fusion_builder_column fusion-builder-column-1 fusion_builder_column_1_4 1_4 fusion-one-fourth fusion-column-last\" style=\"--awb-bg-size:cover;width:25%;width:calc(25% - ( ( 4% ) * 0.25 ) );\"><div class=\"fusion-column-wrapper fusion-flex-column-wrapper-legacy\"><div class=\"fusion-image-element in-legacy-container\" style=\"--awb-caption-title-font-family:var(--h2_typography-font-family);--awb-caption-title-font-weight:var(--h2_typography-font-weight);--awb-caption-title-font-style:var(--h2_typography-font-style);--awb-caption-title-size:var(--h2_typography-font-size);--awb-caption-title-transform:var(--h2_typography-text-transform);--awb-caption-title-line-height:var(--h2_typography-line-height);--awb-caption-title-letter-spacing:var(--h2_typography-letter-spacing);\"><span class=\" fusion-imageframe imageframe-none imageframe-1 hover-type-none\"><img decoding=\"async\" width=\"500\" height=\"500\" title=\"084_suntech_cad_gold\" src=\"https:\/\/sundentallabs-germany.de\/wordpress\/wp-content\/uploads\/2017\/02\/084_suntech_cad_gold.jpg\" alt class=\"img-responsive wp-image-12630\" srcset=\"https:\/\/sundentallabs-germany.de\/wordpress\/wp-content\/uploads\/2017\/02\/084_suntech_cad_gold-200x200.jpg 200w, https:\/\/sundentallabs-germany.de\/wordpress\/wp-content\/uploads\/2017\/02\/084_suntech_cad_gold-400x400.jpg 400w, https:\/\/sundentallabs-germany.de\/wordpress\/wp-content\/uploads\/2017\/02\/084_suntech_cad_gold.jpg 500w\" sizes=\"(max-width: 800px) 100vw, 400px\" \/><\/span><\/div><div class=\"fusion-clearfix\"><\/div><\/div><\/div><\/div><\/div>\n","protected":false},"excerpt":{"rendered":"","protected":false},"author":1,"featured_media":0,"parent":0,"menu_order":0,"comment_status":"closed","ping_status":"closed","template":"","meta":{"footnotes":""},"class_list":["post-12155","page","type-page","status-publish","hentry"],"aioseo_notices":[],"_links":{"self":[{"href":"https:\/\/sundentallabs-germany.de\/wordpress\/wp-json\/wp\/v2\/pages\/12155","targetHints":{"allow":["GET"]}}],"collection":[{"href":"https:\/\/sundentallabs-germany.de\/wordpress\/wp-json\/wp\/v2\/pages"}],"about":[{"href":"https:\/\/sundentallabs-germany.de\/wordpress\/wp-json\/wp\/v2\/types\/page"}],"author":[{"embeddable":true,"href":"https:\/\/sundentallabs-germany.de\/wordpress\/wp-json\/wp\/v2\/users\/1"}],"replies":[{"embeddable":true,"href":"https:\/\/sundentallabs-germany.de\/wordpress\/wp-json\/wp\/v2\/comments?post=12155"}],"version-history":[{"count":9,"href":"https:\/\/sundentallabs-germany.de\/wordpress\/wp-json\/wp\/v2\/pages\/12155\/revisions"}],"predecessor-version":[{"id":12903,"href":"https:\/\/sundentallabs-germany.de\/wordpress\/wp-json\/wp\/v2\/pages\/12155\/revisions\/12903"}],"wp:attachment":[{"href":"https:\/\/sundentallabs-germany.de\/wordpress\/wp-json\/wp\/v2\/media?parent=12155"}],"curies":[{"name":"wp","href":"https:\/\/api.w.org\/{rel}","templated":true}]}}